{"id":1548,"date":"2016-11-02T20:15:22","date_gmt":"2016-11-02T19:15:22","guid":{"rendered":"http:\/\/snepfsu-rouen.net\/?page_id=1548"},"modified":"2026-03-12T13:46:16","modified_gmt":"2026-03-12T12:46:16","slug":"accueil-3","status":"publish","type":"page","link":"https:\/\/www.snepfsu-reims.net\/wp\/","title":{"rendered":"Actus"},"content":{"rendered":"\t\t<div data-elementor-type=\"wp-post\" data-elementor-id=\"1548\" class=\"elementor elementor-1548\">\n\t\t\t\t\t\t<section class=\"elementor-section elementor-top-section elementor-element elementor-element-dbe4610 elementor-section-boxed elementor-section-height-default elementor-section-height-default\" data-id=\"dbe4610\" data-element_type=\"section\" data-e-type=\"section\">\n\t\t\t\t\t\t<div class=\"elementor-container elementor-column-gap-default\">\n\t\t\t\t\t<div class=\"elementor-column elementor-col-50 elementor-top-column elementor-element elementor-element-ef8e275\" data-id=\"ef8e275\" data-element_type=\"column\" data-e-type=\"column\">\n\t\t\t<div class=\"elementor-widget-wrap elementor-element-populated\">\n\t\t\t\t\t\t<div class=\"elementor-element elementor-element-78de75d elementor-widget elementor-widget-text-editor\" data-id=\"78de75d\" data-element_type=\"widget\" data-e-type=\"widget\" data-widget_type=\"text-editor.default\">\n\t\t\t\t<div class=\"elementor-widget-container\">\n\t\t\t\t\t\t\t\t\t<p style=\"text-align: left;\"><span class=\"matmenu\">Mouvement intra acad\u00e9mique 2026<\/span><\/p>\n<p><span style=\"font-family: 'trebuchet ms', geneva, sans-serif; font-size: 14px;\">Dates \u00e0 retenir :\u00a0<\/span><\/p>\n<p><span style=\"font-family: 'trebuchet ms', geneva, sans-serif; font-size: 14px;\"><strong>Saisie des v\u0153ux<\/strong> du 20 mars 2026 (12h00) au 02 avril 2026 (12h00) sur l\u2019application SIAM depuis Iprof<\/span><\/p>\n<p><span style=\"font-family: 'trebuchet ms', geneva, sans-serif; font-size: 14px;\">Attention, apr\u00e8s avoir formuler vos v\u0153ux, vous devrez <strong>renvoyer une confirmation sur colibri<\/strong>. Elle est r\u00e9cup\u00e9rable sur SIAM du 03 avril 2026 au 08 avril 2026.<\/span><\/p>\n<p><span style=\"font-family: 'trebuchet ms', geneva, sans-serif; font-size: 14px;\">Il faut :\u00a0<\/span><\/p>\n<ul>\n<li><span style=\"font-family: 'trebuchet ms', geneva, sans-serif; font-size: 14px;\">Consulter &amp; V\u00e9rifier<\/span><\/li>\n<li><span style=\"font-family: 'trebuchet ms', geneva, sans-serif; font-size: 14px;\">Compl\u00e9ter ou corriger les erreurs<\/span><\/li>\n<li><span style=\"font-family: 'trebuchet ms', geneva, sans-serif; font-size: 14px;\">Signer\u00a0<\/span><\/li>\n<li><span style=\"font-family: 'trebuchet ms', geneva, sans-serif; font-size: 14px;\">Retourner le document \u00e0 l\u2019administration accompagn\u00e9e des pi\u00e8ces justificatives par l\u2019interm\u00e9diaire de l\u2019application colibri.\u00a0<\/span><\/li>\n<\/ul>\n<p style=\"text-align: center;\">\u00a0<\/p>\n<p><span style=\"font-family: 'trebuchet ms', geneva, sans-serif; font-size: 14px;\">P\u00e9riode de consultation des bar\u00e8mes sur SIAM et demande de rectification si besoin du 08 mai au 25 mai 2026\u00a0<\/span><\/p>\n<p><span style=\"font-size: 14px; font-family: 'trebuchet ms', geneva, sans-serif;\">R\u00e9sultats le 12 juin 2026 (14h00) et formulation des v\u0153ux TZR du 16 juin au 21 juin 2026<\/span><\/p>\t\t\t\t\t\t\t\t<\/div>\n\t\t\t\t<\/div>\n\t\t\t\t<div class=\"elementor-element elementor-element-d460fb3 elementor-widget elementor-widget-text-editor\" data-id=\"d460fb3\" data-element_type=\"widget\" data-e-type=\"widget\" data-widget_type=\"text-editor.default\">\n\t\t\t\t<div class=\"elementor-widget-container\">\n\t\t\t\t\t\t\t\t\t<p><span class=\"matmenu\">Liens mouvement inter 2026<\/span><\/p>\n<p><span class=\"matmenu\"><img decoding=\"async\" src=\"https:\/\/lesite.snepfsu.fr\/accessynd\/dossier-special-inter-2026\/\" alt=\"\" width=\"55%\" \/><a href=\"https:\/\/lesite.snepfsu.fr\/sujets\/ma-carriere\/mutations\/mutations-inter\/\"><img decoding=\"async\" class=\"alignnone\" title=\"Bulletin mut inter 26\" src=\"https:\/\/www.snepfsu-reims.net\/wp\/wp-content\/uploads\/2025\/11\/IMG_2869.jpeg\" alt=\"\" width=\"30%\" height=\"30%\" \/><\/a><img decoding=\"async\" src=\"https:\/\/lesite.snepfsu.fr\/accessynd\/dossier-special-inter-2026\/\" alt=\"\" width=\"25%\" \/> \u00a0<a href=\"https:\/\/lesite.snepfsu.fr\/ma-carriere\/mutations\/mutations-inter\/barres-dentree-2018-a-2025\/\"><img decoding=\"async\" class=\"alignnone\" title=\"Barres 2025\" src=\"https:\/\/www.snepfsu-reims.net\/wp\/wp-content\/uploads\/2025\/11\/IMG_2870.jpeg\" alt=\"\" width=\"30%\" height=\"30%\" data-wp-editing=\"1\" \/><\/a><\/span><\/p>\t\t\t\t\t\t\t\t<\/div>\n\t\t\t\t<\/div>\n\t\t\t\t\t<\/div>\n\t\t<\/div>\n\t\t\t\t<div class=\"elementor-column elementor-col-50 elementor-top-column elementor-element elementor-element-4036df9\" data-id=\"4036df9\" data-element_type=\"column\" data-e-type=\"column\">\n\t\t\t<div class=\"elementor-widget-wrap elementor-element-populated\">\n\t\t\t\t\t\t<div class=\"elementor-element elementor-element-f861bae elementor-widget elementor-widget-text-editor\" data-id=\"f861bae\" data-element_type=\"widget\" data-e-type=\"widget\" data-widget_type=\"text-editor.default\">\n\t\t\t\t<div class=\"elementor-widget-container\">\n\t\t\t\t\t\t\t\t\t<p><span class=\"matmenu\">Gymnase score :\u00a0<\/span><\/p>\n<p><a href=\"https:\/\/lesite.snepfsu.fr\/gymnase-score\/\"><img fetchpriority=\"high\" decoding=\"async\" class=\"aligncenter\" src=\"https:\/\/www.snepfsu-reims.net\/wp\/wp-content\/uploads\/2025\/01\/IMG_1527.png\" alt=\"https:\/\/www.snepfsu-reims.net\/wp\/wp-content\/uploads\/2025\/01\/IMG_1527.png\" width=\"425\" height=\"567\" \/><\/a><\/p>\n<p class=\"p1\" style=\"margin-bottom: 0px; font-style: normal; font-variant-caps: normal; font-stretch: normal; font-size: 18.6px; line-height: normal; font-size-adjust: none; font-kerning: auto; font-variant-alternates: normal; font-variant-ligatures: normal; font-variant-numeric: normal; font-variant-east-asian: normal; font-variant-position: normal; font-feature-settings: normal; font-optical-sizing: auto; font-variation-settings: normal; caret-color: #000000; color: #000000; -webkit-text-size-adjust: auto;\"><span class=\"s1\" style=\"font-family: 'trebuchet ms', geneva, sans-serif; font-style: normal; font-size: 14px;\">Notre objectif : \u00e9valuer les conditions de travail des enseignants et les conditions d\u2019apprentissage des \u00e9l\u00e8ves. Gr\u00e2ce aux r\u00e9sultats de cette enqu\u00eate, le SNEP-FSU continuera de d\u00e9fendre vos conditions de travail et celles de vos \u00e9l\u00e8ves aupr\u00e8s des d\u00e9cideurs.<\/span><\/p>\t\t\t\t\t\t\t\t<\/div>\n\t\t\t\t<\/div>\n\t\t\t\t<div class=\"elementor-element elementor-element-539ff12 elementor-widget elementor-widget-text-editor\" data-id=\"539ff12\" data-element_type=\"widget\" data-e-type=\"widget\" data-widget_type=\"text-editor.default\">\n\t\t\t\t<div class=\"elementor-widget-container\">\n\t\t\t\t\t\t\t\t\t<p><span class=\"matmenu\">AG d\u00e9partementale SNEP-FSU<\/span><\/p>\n<p>Ardennes : 18\/12\u00a0<\/p>\n<p>Aube et Haute-marne : 11\/12 maison des syndicats \u00e0 Troyes<\/p>\n<p>Marne : 18\/12 maison des syndicats \u00e0 Reims<\/p>\t\t\t\t\t\t\t\t<\/div>\n\t\t\t\t<\/div>\n\t\t\t\t\t<\/div>\n\t\t<\/div>\n\t\t\t\t\t<\/div>\n\t\t<\/section>\n\t\t\t\t<section class=\"elementor-section elementor-top-section elementor-element elementor-element-5b041e5 elementor-section-boxed elementor-section-height-default elementor-section-height-default\" data-id=\"5b041e5\" data-element_type=\"section\" data-e-type=\"section\">\n\t\t\t\t\t\t<div class=\"elementor-container elementor-column-gap-default\">\n\t\t\t\t\t<div class=\"elementor-column elementor-col-100 elementor-top-column elementor-element elementor-element-e6fa939\" data-id=\"e6fa939\" data-element_type=\"column\" data-e-type=\"column\">\n\t\t\t<div class=\"elementor-widget-wrap elementor-element-populated\">\n\t\t\t\t\t\t<div class=\"elementor-element elementor-element-adf7753 elementor-widget elementor-widget-text-editor\" data-id=\"adf7753\" data-element_type=\"widget\" data-e-type=\"widget\" data-widget_type=\"text-editor.default\">\n\t\t\t\t<div class=\"elementor-widget-container\">\n\t\t\t\t\t\t\t\t\t<p><span class=\"matmenu\">Mouvement inter acad\u00e9mique 2026<\/span><\/p>\n<p><span style=\"font-family: 'trebuchet ms', geneva, sans-serif; font-size: 14px;\">Dates \u00e0 retenir :\u00a0<\/span><\/p>\n<p><span style=\"font-family: 'trebuchet ms', geneva, sans-serif; font-size: 14px;\"><strong>Saisie des v\u0153ux<\/strong> du 5 novembre 2025 (12h) au 26 novembre 2025 (12h) sue l\u2019application SIAM depuis Iprof<\/span><\/p>\n<p><span style=\"font-family: 'trebuchet ms', geneva, sans-serif; font-size: 14px;\">Attention, apr\u00e8s avoir formuler vos v\u0153ux, vous devrez <strong>renvoyer une confirmation sur colibri<\/strong>. Elle est r\u00e9cup\u00e9rable sur SIAM du 27 novembre au 1er d\u00e9cembre 2025.<\/span><\/p>\n<p><span style=\"font-family: 'trebuchet ms', geneva, sans-serif; font-size: 14px;\">Il faut :\u00a0<\/span><\/p>\n<ul>\n<li><span style=\"font-family: 'trebuchet ms', geneva, sans-serif; font-size: 14px;\">Consulter &amp; V\u00e9rifier<\/span><\/li>\n<li><span style=\"font-family: 'trebuchet ms', geneva, sans-serif; font-size: 14px;\">Compl\u00e9ter ou corriger les erreurs<\/span><\/li>\n<li><span style=\"font-family: 'trebuchet ms', geneva, sans-serif; font-size: 14px;\">Signer\u00a0<\/span><\/li>\n<li><span style=\"font-family: 'trebuchet ms', geneva, sans-serif; font-size: 14px;\">Retourner le document \u00e0 l\u2019administration accompagn\u00e9e des pi\u00e8ces justificatives par l\u2019interm\u00e9diaire de l\u2019application colibri.\u00a0<\/span><\/li>\n<\/ul>\n<p style=\"text-align: center;\"><span style=\"font-family: 'trebuchet ms', geneva, sans-serif; font-size: 14px;\">Attention les d\u00e9lais sont tr\u00e8s courts (vendredi 5 d\u00e9cembre 2025)<\/span><\/p>\n<p><span style=\"font-family: 'trebuchet ms', geneva, sans-serif; font-size: 14px;\">P\u00e9riode de consultation des bar\u00e8mes sur SIAM et demande de rectification si besoin du 10 au 25 janvier 2026\u00a0<\/span><\/p>\n<p><span style=\"font-size: 14px; font-family: 'trebuchet ms', geneva, sans-serif;\">R\u00e9sultats le 11 mars 2026<\/span><\/p>\t\t\t\t\t\t\t\t<\/div>\n\t\t\t\t<\/div>\n\t\t\t\t\t<\/div>\n\t\t<\/div>\n\t\t\t\t\t<\/div>\n\t\t<\/section>\n\t\t\t\t<section class=\"elementor-section elementor-top-section elementor-element elementor-element-f9e0371 elementor-section-boxed elementor-section-height-default elementor-section-height-default\" data-id=\"f9e0371\" data-element_type=\"section\" data-e-type=\"section\">\n\t\t\t\t\t\t<div class=\"elementor-container elementor-column-gap-default\">\n\t\t\t\t\t<div class=\"elementor-column elementor-col-33 elementor-top-column elementor-element elementor-element-2a6ba07\" data-id=\"2a6ba07\" data-element_type=\"column\" data-e-type=\"column\">\n\t\t\t<div class=\"elementor-widget-wrap elementor-element-populated\">\n\t\t\t\t\t\t<div class=\"elementor-element elementor-element-15dcda6 elementor-widget elementor-widget-text-editor\" data-id=\"15dcda6\" data-element_type=\"widget\" data-e-type=\"widget\" data-widget_type=\"text-editor.default\">\n\t\t\t\t<div class=\"elementor-widget-container\">\n\t\t\t\t\t\t\t\t\t<h6 style=\"text-align: center;\"><strong>Bulletins<\/strong><\/h6>\t\t\t\t\t\t\t\t<\/div>\n\t\t\t\t<\/div>\n\t\t\t\t<div class=\"elementor-element elementor-element-24007f0 elementor-widget elementor-widget-image\" data-id=\"24007f0\" data-element_type=\"widget\" data-e-type=\"widget\" data-widget_type=\"image.default\">\n\t\t\t\t<div class=\"elementor-widget-container\">\n\t\t\t\t\t\t\t\t\t\t\t\t\t\t\t\t<a href=\"https:\/\/www.snepfsu-reims.net\/wp\/?p=780\">\n\t\t\t\t\t\t\t<img decoding=\"async\" width=\"638\" height=\"903\" src=\"https:\/\/www.snepfsu-reims.net\/wp\/wp-content\/uploads\/2018\/01\/Inter-2017.png\" class=\"attachment-large size-large wp-image-2261\" alt=\"\" srcset=\"https:\/\/www.snepfsu-reims.net\/wp\/wp-content\/uploads\/2018\/01\/Inter-2017.png 638w, https:\/\/www.snepfsu-reims.net\/wp\/wp-content\/uploads\/2018\/01\/Inter-2017-212x300.png 212w\" sizes=\"(max-width: 638px) 100vw, 638px\" \/>\t\t\t\t\t\t\t\t<\/a>\n\t\t\t\t\t\t\t\t\t\t\t\t\t\t\t<\/div>\n\t\t\t\t<\/div>\n\t\t\t\t\t<\/div>\n\t\t<\/div>\n\t\t\t\t<div class=\"elementor-column elementor-col-33 elementor-top-column elementor-element elementor-element-e51de00\" data-id=\"e51de00\" data-element_type=\"column\" data-e-type=\"column\">\n\t\t\t<div class=\"elementor-widget-wrap elementor-element-populated\">\n\t\t\t\t\t\t<div class=\"elementor-element elementor-element-5ce9d4c elementor-widget elementor-widget-text-editor\" data-id=\"5ce9d4c\" data-element_type=\"widget\" data-e-type=\"widget\" data-widget_type=\"text-editor.default\">\n\t\t\t\t<div class=\"elementor-widget-container\">\n\t\t\t\t\t\t\t\t\t<h6 style=\"text-align: center;\"><strong>Stages<\/strong><\/h6>\t\t\t\t\t\t\t\t<\/div>\n\t\t\t\t<\/div>\n\t\t\t\t<div class=\"elementor-element elementor-element-6fd43d0 elementor-widget elementor-widget-image\" data-id=\"6fd43d0\" data-element_type=\"widget\" data-e-type=\"widget\" data-widget_type=\"image.default\">\n\t\t\t\t<div class=\"elementor-widget-container\">\n\t\t\t\t\t\t\t\t\t\t\t\t\t\t\t\t<a href=\"https:\/\/www.snepfsu-reims.net\/wp\/?p=443\">\n\t\t\t\t\t\t\t<img decoding=\"async\" width=\"120\" height=\"137\" src=\"https:\/\/www.snepfsu-reims.net\/wp\/wp-content\/uploads\/2024\/03\/bouton_stages-SNEP.png\" class=\"attachment-large size-large wp-image-3801\" alt=\"\" \/>\t\t\t\t\t\t\t\t<\/a>\n\t\t\t\t\t\t\t\t\t\t\t\t\t\t\t<\/div>\n\t\t\t\t<\/div>\n\t\t\t\t\t<\/div>\n\t\t<\/div>\n\t\t\t\t<div class=\"elementor-column elementor-col-33 elementor-top-column elementor-element elementor-element-34e6200\" data-id=\"34e6200\" data-element_type=\"column\" data-e-type=\"column\">\n\t\t\t<div class=\"elementor-widget-wrap elementor-element-populated\">\n\t\t\t\t\t\t<div class=\"elementor-element elementor-element-f609dda elementor-widget elementor-widget-text-editor\" data-id=\"f609dda\" data-element_type=\"widget\" data-e-type=\"widget\" data-widget_type=\"text-editor.default\">\n\t\t\t\t<div class=\"elementor-widget-container\">\n\t\t\t\t\t\t\t\t\t<h6 style=\"text-align: center;\"><strong>Le coin des d\u00e9partements<br \/><\/strong><\/h6>\n<p style=\"text-align: center;\"><aside id=\"wp_editor_widget-4\" class=\"widget WP_Editor_Widget amr_widget\"><p><img decoding=\"async\" class=\"aligncenter\" src=\"https:\/\/www.snepfsu-reims.net\/wp\/wp-content\/uploads\/2017\/12\/reims-1.jpg\" alt=\"\" usemap=\"#Map\" border=\"0\" \/><\/p>\n<map id=\"Map\" name=\"Map\">\n<area coords=\"61,31,117,68\" shape=\"rect\" href=\"https:\/\/www.snepfsu-reims.net\/wp\/le-coin-des-departements\/08-ardennes\/\" \/>\n<area coords=\"36,79,106,112\" shape=\"rect\" href=\"https:\/\/www.snepfsu-reims.net\/wp\/le-coin-des-departements\/51-marne\/\" \/>\n<area coords=\"42,130,92,165\" shape=\"rect\" href=\"https:\/\/www.snepfsu-reims.net\/wp\/le-coin-des-departements\/10-aube\/\" \/>\n<area coords=\"101,127,143,190\" shape=\"rect\" href=\"https:\/\/www.snepfsu-reims.net\/wp\/le-coin-des-departements\/52-haute-marne\/\" \/>\n <\/map><\/p>\n<\/aside><\/p>\n<p>\u00a0<\/p>\t\t\t\t\t\t\t\t<\/div>\n\t\t\t\t<\/div>\n\t\t\t\t\t<\/div>\n\t\t<\/div>\n\t\t\t\t\t<\/div>\n\t\t<\/section>\n\t\t\t\t<section class=\"elementor-section elementor-top-section elementor-element elementor-element-d871089 elementor-section-boxed elementor-section-height-default elementor-section-height-default\" data-id=\"d871089\" data-element_type=\"section\" data-e-type=\"section\">\n\t\t\t\t\t\t<div class=\"elementor-container elementor-column-gap-default\">\n\t\t\t\t\t<div class=\"elementor-column elementor-col-100 elementor-top-column elementor-element elementor-element-4ba5345\" data-id=\"4ba5345\" data-element_type=\"column\" data-e-type=\"column\">\n\t\t\t<div class=\"elementor-widget-wrap elementor-element-populated\">\n\t\t\t\t\t\t<div class=\"elementor-element elementor-element-5c8f47d elementor-widget elementor-widget-text-editor\" data-id=\"5c8f47d\" data-element_type=\"widget\" data-e-type=\"widget\" data-widget_type=\"text-editor.default\">\n\t\t\t\t<div class=\"elementor-widget-container\">\n\t\t\t\t\t\t\t\t\t<p style=\"text-align: center;\"><a href=\"https:\/\/www.snepfsu-reims.net\/wp\/wp-admin\/edit.php?post_type=page\">Se connecter<\/a><\/p>\t\t\t\t\t\t\t\t<\/div>\n\t\t\t\t<\/div>\n\t\t\t\t\t<\/div>\n\t\t<\/div>\n\t\t\t\t\t<\/div>\n\t\t<\/section>\n\t\t\t\t<\/div>\n\t\t","protected":false},"excerpt":{"rendered":"<p>Pagedu SNEP REIMS<\/p>\n","protected":false},"author":1,"featured_media":0,"parent":0,"menu_order":0,"comment_status":"closed","ping_status":"closed","template":"","meta":{"colormag_page_container_layout":"default_layout","colormag_page_sidebar_layout":"default_layout","footnotes":""},"class_list":["post-1548","page","type-page","status-publish","hentry"],"_links":{"self":[{"href":"https:\/\/www.snepfsu-reims.net\/wp\/wp-json\/wp\/v2\/pages\/1548","targetHints":{"allow":["GET"]}}],"collection":[{"href":"https:\/\/www.snepfsu-reims.net\/wp\/wp-json\/wp\/v2\/pages"}],"about":[{"href":"https:\/\/www.snepfsu-reims.net\/wp\/wp-json\/wp\/v2\/types\/page"}],"author":[{"embeddable":true,"href":"https:\/\/www.snepfsu-reims.net\/wp\/wp-json\/wp\/v2\/users\/1"}],"replies":[{"embeddable":true,"href":"https:\/\/www.snepfsu-reims.net\/wp\/wp-json\/wp\/v2\/comments?post=1548"}],"version-history":[{"count":395,"href":"https:\/\/www.snepfsu-reims.net\/wp\/wp-json\/wp\/v2\/pages\/1548\/revisions"}],"predecessor-version":[{"id":4091,"href":"https:\/\/www.snepfsu-reims.net\/wp\/wp-json\/wp\/v2\/pages\/1548\/revisions\/4091"}],"wp:attachment":[{"href":"https:\/\/www.snepfsu-reims.net\/wp\/wp-json\/wp\/v2\/media?parent=1548"}],"curies":[{"name":"wp","href":"https:\/\/api.w.org\/{rel}","templated":true}]}}